{"id":487,"date":"2022-05-10T22:44:10","date_gmt":"2022-05-10T22:44:10","guid":{"rendered":"http:\/\/aula15.com\/?page_id=487"},"modified":"2022-05-10T22:44:10","modified_gmt":"2022-05-10T22:44:10","slug":"herramienta-web-educativa-de-tu-interes","status":"publish","type":"page","link":"https:\/\/aula15.com\/index.php\/herramienta-web-educativa-de-tu-interes\/","title":{"rendered":"HERRAMIENTA WEB EDUCATIVA DE T\u00da INTER\u00c9S"},"content":{"rendered":"<p>&nbsp;<\/p>\n<h1 dir=\"ltr\" style=\"line-height: 1.295; margin-top: 0pt; margin-bottom: 8pt; padding-left: 40px; text-align: center;\"><span style=\"font-size: 11pt; font-family: Calibri, sans-serif; color: #000080; font-weight: bold; font-style: italic; font-variant-numeric: normal; font-variant-east-asian: normal; vertical-align: baseline; white-space: pre-wrap;\">Qu\u00e9 son las herramientas educativas :<\/span><\/h1>\n<p dir=\"ltr\" style=\"line-height: 1.295; margin-top: 0.0pt; margin-bottom: 8.0pt;\"><span style=\"font-size: 11pt; font-family: Calibri, sans-serif; color: #000000; font-variant-numeric: normal; font-variant-east-asian: normal; vertical-align: baseline; white-space: pre-wrap;\">Las\u00a0herramientas web\u00a0educativas, son todas aquellas tecnolog\u00edas facilitadas en l\u00ednea que permiten una conexi\u00f3n din\u00e1mica entre los miembros de tu comunidad\u00a0educativa como los docentes que por pandemia iniciaron a desarrollar m\u00e1s este h\u00e1bito educativo.\u00a0<\/span><\/p>\n<p dir=\"ltr\" style=\"line-height: 1.295; margin-top: 0.0pt; margin-bottom: 8.0pt;\"><span style=\"font-size: 11pt; font-family: Calibri, sans-serif; color: #000000; font-variant-numeric: normal; font-variant-east-asian: normal; vertical-align: baseline; white-space: pre-wrap;\">Evidentemente el tutor actual necesita\u00a0herramientas\u00a0eficientes y f\u00e1ciles de utilizar para poder dise\u00f1ar los mejores cursos de educaci\u00f3n virtual.<\/span><\/p>\n<p>&nbsp;<\/p>\n<p dir=\"ltr\" style=\"line-height: 1.295; margin-top: 0pt; margin-bottom: 8pt; text-align: center;\"><span style=\"color: #0000ff;\"><span style=\"font-size: 11pt; font-family: Calibri, sans-serif; font-weight: bold; font-style: italic; font-variant-numeric: normal; font-variant-east-asian: normal; vertical-align: baseline; white-space: pre-wrap;\">Herramienta educativa :<\/span><span style=\"font-size: 11pt; font-family: Calibri, sans-serif; font-style: italic; font-variant-numeric: normal; font-variant-east-asian: normal; vertical-align: baseline; white-space: pre-wrap;\">\u00a0\u00a0<\/span><\/span><\/p>\n<p>&nbsp;<\/p>\n<p dir=\"ltr\" style=\"line-height: 1.295; margin-top: 0.0pt; margin-bottom: 8.0pt;\"><span style=\"font-size: 11pt; font-family: Calibri, sans-serif; color: #000000; font-variant-numeric: normal; font-variant-east-asian: normal; vertical-align: baseline; white-space: pre-wrap;\"><span style=\"border: none; display: inline-block; height: 120.0px; overflow: hidden; width: 120.0px;\"><img decoding=\"async\" style=\"margin-left: 0.0px; margin-top: 0.0px;\" src=\"https:\/\/lh6.googleusercontent.com\/yT-81CutSd_kdLgrRl1vM0V2rjpP7OejCM4j0BPLUgCutbZNqYt1DqA5dx-mTR3OjMJVxgbqCLt-2Dr55edOuFDLiJcM_iGl2JZobrAAL4bf2c302gCDW4FwwRKT7lucGrIpCZk\" width=\"120.0\" height=\"120.0\" \/><\/span><\/span><\/p>\n<p dir=\"ltr\" style=\"line-height: 1.295; margin-top: 0.0pt; margin-bottom: 8.0pt;\"><span style=\"font-size: 11pt; font-family: Calibri, sans-serif; color: #000000; font-variant-numeric: normal; font-variant-east-asian: normal; vertical-align: baseline; white-space: pre-wrap;\">Es una herramienta que propicia un aprendizaje visual y organizado a trav\u00e9s de la creaci\u00f3n de presentaciones en formato similar a Microsoft Office Power Point.<\/span><\/p>\n<p dir=\"ltr\" style=\"line-height: 1.295; margin-top: 0.0pt; margin-bottom: 8.0pt;\"><span style=\"font-size: 11pt; font-family: Calibri, sans-serif; color: #000000; font-variant-numeric: normal; font-variant-east-asian: normal; vertical-align: baseline; white-space: pre-wrap;\">\u00a0La ventaja es que permite organizar y jerarquizar las\u00a0<\/span><\/p>\n<p dir=\"ltr\" style=\"line-height: 1.295; margin-top: 0.0pt; margin-bottom: 8.0pt;\"><span style=\"font-size: 11pt; font-family: Calibri, sans-serif; color: #000000; font-variant-numeric: normal; font-variant-east-asian: normal; vertical-align: baseline; white-space: pre-wrap;\">El estudiante aprende de forma r\u00e1pida y entretenida, tiene acceso ha diferentes recursos educativos para el aprendizaje, personalizaci\u00f3n de los procesos de ense\u00f1anza-aprendizaje, el alumno tiene una auto evaluaci\u00f3n mayor comunicaci\u00f3n con el profesor, permite ha distintas formas de estudios, compa\u00f1erismo y socializaci\u00f3n.\u00a0<\/span><\/p>\n<p>&nbsp;<\/p>\n<p dir=\"ltr\" style=\"line-height: 1.295; margin-top: 0.0pt; margin-bottom: 8.0pt;\"><span style=\"font-size: 11pt; font-family: Calibri, sans-serif; color: #000000; font-variant-numeric: normal; font-variant-east-asian: normal; vertical-align: baseline; white-space: pre-wrap;\">La ventaja es que permite organizar y jerarquizar las ideas para comunicarlas de manera creativa e involucrar a la audiencia, tambi\u00e9n beneficia el aprendizaje y desarrollo para generar ideas y realizar trabajos con ideas claves de ello.\u00a0<\/span><\/p>\n<p>&nbsp;<\/p>\n<p dir=\"ltr\" style=\"line-height: 1.295; margin-top: 0pt; margin-bottom: 8pt; text-align: center;\"><span style=\"font-size: 11pt; font-family: Calibri, sans-serif; color: #000080; font-weight: bold; font-variant-numeric: normal; font-variant-east-asian: normal; vertical-align: baseline; white-space: pre-wrap;\">UTILIDADES DID\u00c1CTICAS<\/span><\/p>\n<p dir=\"ltr\" style=\"line-height: 1.295; margin-top: 0.0pt; margin-bottom: 8.0pt;\"><span style=\"font-size: 11pt; font-family: Calibri, sans-serif; color: #000000; font-variant-numeric: normal; font-variant-east-asian: normal; vertical-align: baseline; white-space: pre-wrap;\">-Crear presentaciones din\u00e1micas para proyectos de clase incluyendo im\u00e1genes, v\u00eddeos, texto, enlaces, etc.<\/span><\/p>\n<p dir=\"ltr\" style=\"line-height: 1.295; margin-top: 0.0pt; margin-bottom: 8.0pt;\"><span style=\"font-size: 11pt; font-family: Calibri, sans-serif; color: #000000; font-variant-numeric: normal; font-variant-east-asian: normal; vertical-align: baseline; white-space: pre-wrap;\">-Crear un esquema para organizar ideas, formular conceptos y crear puntos de atenci\u00f3n.<\/span><\/p>\n<p dir=\"ltr\" style=\"line-height: 1.295; margin-top: 0.0pt; margin-bottom: 8.0pt;\"><span style=\"font-size: 11pt; font-family: Calibri, sans-serif; color: #000000; font-variant-numeric: normal; font-variant-east-asian: normal; vertical-align: baseline; white-space: pre-wrap;\">-Establecer sesiones interactivas en clase o proyectos de grupo. Los estudiantes pueden colaborar en tiempo real (hasta un m\u00e1ximo de 10) en el aula o en casa.<\/span><\/p>\n<p>&nbsp;<\/p>\n","protected":false},"excerpt":{"rendered":"<p>&nbsp; Qu\u00e9 son las herramientas educativas : Las\u00a0herramientas web\u00a0educativas, son todas aquellas tecnolog\u00edas facilitadas en l\u00ednea que permiten una conexi\u00f3n din\u00e1mica entre los miembros de tu comunidad\u00a0educativa como los docentes que por pandemia iniciaron a desarrollar m\u00e1s este h\u00e1bito educativo.\u00a0 Evidentemente el tutor actual necesita\u00a0herramientas\u00a0eficientes y f\u00e1ciles de utilizar para poder dise\u00f1ar los mejores cursos [&hellip;]<\/p>\n","protected":false},"author":7,"featured_media":0,"parent":0,"menu_order":0,"comment_status":"closed","ping_status":"closed","template":"","meta":{"om_disable_all_campaigns":false,"_monsterinsights_skip_tracking":false,"_monsterinsights_sitenote_active":false,"_monsterinsights_sitenote_note":"","_monsterinsights_sitenote_category":0,"tdm_status":"","tdm_grid_status":"","footnotes":""},"class_list":["post-487","page","type-page","status-publish"],"yoast_head":"<!-- This site is optimized with the Yoast SEO plugin v24.8.1 - https:\/\/yoast.com\/wordpress\/plugins\/seo\/ -->\n<title>HERRAMIENTA WEB EDUCATIVA DE T\u00da INTER\u00c9S - Aula 15<\/title>\n<meta name=\"robots\" content=\"index, follow, max-snippet:-1, max-image-preview:large, max-video-preview:-1\" \/>\n<link rel=\"canonical\" href=\"https:\/\/aula15.com\/index.php\/herramienta-web-educativa-de-tu-interes\/\" \/>\n<meta property=\"og:locale\" content=\"es_MX\" \/>\n<meta property=\"og:type\" content=\"article\" \/>\n<meta property=\"og:title\" content=\"HERRAMIENTA WEB EDUCATIVA DE T\u00da INTER\u00c9S - Aula 15\" \/>\n<meta property=\"og:description\" content=\"&nbsp; Qu\u00e9 son las herramientas educativas : Las\u00a0herramientas web\u00a0educativas, son todas aquellas tecnolog\u00edas facilitadas en l\u00ednea que permiten una conexi\u00f3n din\u00e1mica entre los miembros de tu comunidad\u00a0educativa como los docentes que por pandemia iniciaron a desarrollar m\u00e1s este h\u00e1bito educativo.\u00a0 Evidentemente el tutor actual necesita\u00a0herramientas\u00a0eficientes y f\u00e1ciles de utilizar para poder dise\u00f1ar los mejores cursos [&hellip;]\" \/>\n<meta property=\"og:url\" content=\"https:\/\/aula15.com\/index.php\/herramienta-web-educativa-de-tu-interes\/\" \/>\n<meta property=\"og:site_name\" content=\"Aula 15\" \/>\n<meta property=\"og:image\" content=\"https:\/\/lh6.googleusercontent.com\/yT-81CutSd_kdLgrRl1vM0V2rjpP7OejCM4j0BPLUgCutbZNqYt1DqA5dx-mTR3OjMJVxgbqCLt-2Dr55edOuFDLiJcM_iGl2JZobrAAL4bf2c302gCDW4FwwRKT7lucGrIpCZk\" \/>\n<meta name=\"twitter:card\" content=\"summary_large_image\" \/>\n<meta name=\"twitter:label1\" content=\"Tiempo de lectura\" \/>\n\t<meta name=\"twitter:data1\" content=\"2 minutos\" \/>\n<script type=\"application\/ld+json\" class=\"yoast-schema-graph\">{\"@context\":\"https:\/\/schema.org\",\"@graph\":[{\"@type\":\"WebPage\",\"@id\":\"https:\/\/aula15.com\/index.php\/herramienta-web-educativa-de-tu-interes\/\",\"url\":\"https:\/\/aula15.com\/index.php\/herramienta-web-educativa-de-tu-interes\/\",\"name\":\"HERRAMIENTA WEB EDUCATIVA DE T\u00da INTER\u00c9S - Aula 15\",\"isPartOf\":{\"@id\":\"https:\/\/aula15.com\/#website\"},\"primaryImageOfPage\":{\"@id\":\"https:\/\/aula15.com\/index.php\/herramienta-web-educativa-de-tu-interes\/#primaryimage\"},\"image\":{\"@id\":\"https:\/\/aula15.com\/index.php\/herramienta-web-educativa-de-tu-interes\/#primaryimage\"},\"thumbnailUrl\":\"https:\/\/lh6.googleusercontent.com\/yT-81CutSd_kdLgrRl1vM0V2rjpP7OejCM4j0BPLUgCutbZNqYt1DqA5dx-mTR3OjMJVxgbqCLt-2Dr55edOuFDLiJcM_iGl2JZobrAAL4bf2c302gCDW4FwwRKT7lucGrIpCZk\",\"datePublished\":\"2022-05-10T22:44:10+00:00\",\"breadcrumb\":{\"@id\":\"https:\/\/aula15.com\/index.php\/herramienta-web-educativa-de-tu-interes\/#breadcrumb\"},\"inLanguage\":\"es\",\"potentialAction\":[{\"@type\":\"ReadAction\",\"target\":[\"https:\/\/aula15.com\/index.php\/herramienta-web-educativa-de-tu-interes\/\"]}]},{\"@type\":\"ImageObject\",\"inLanguage\":\"es\",\"@id\":\"https:\/\/aula15.com\/index.php\/herramienta-web-educativa-de-tu-interes\/#primaryimage\",\"url\":\"https:\/\/lh6.googleusercontent.com\/yT-81CutSd_kdLgrRl1vM0V2rjpP7OejCM4j0BPLUgCutbZNqYt1DqA5dx-mTR3OjMJVxgbqCLt-2Dr55edOuFDLiJcM_iGl2JZobrAAL4bf2c302gCDW4FwwRKT7lucGrIpCZk\",\"contentUrl\":\"https:\/\/lh6.googleusercontent.com\/yT-81CutSd_kdLgrRl1vM0V2rjpP7OejCM4j0BPLUgCutbZNqYt1DqA5dx-mTR3OjMJVxgbqCLt-2Dr55edOuFDLiJcM_iGl2JZobrAAL4bf2c302gCDW4FwwRKT7lucGrIpCZk\"},{\"@type\":\"BreadcrumbList\",\"@id\":\"https:\/\/aula15.com\/index.php\/herramienta-web-educativa-de-tu-interes\/#breadcrumb\",\"itemListElement\":[{\"@type\":\"ListItem\",\"position\":1,\"name\":\"Inicio\",\"item\":\"https:\/\/aula15.com\/\"},{\"@type\":\"ListItem\",\"position\":2,\"name\":\"HERRAMIENTA WEB EDUCATIVA DE T\u00da INTER\u00c9S\"}]},{\"@type\":\"WebSite\",\"@id\":\"https:\/\/aula15.com\/#website\",\"url\":\"https:\/\/aula15.com\/\",\"name\":\"Aula 15\",\"description\":\"Todo sobre Educaci\u00f3n\",\"potentialAction\":[{\"@type\":\"SearchAction\",\"target\":{\"@type\":\"EntryPoint\",\"urlTemplate\":\"https:\/\/aula15.com\/?s={search_term_string}\"},\"query-input\":{\"@type\":\"PropertyValueSpecification\",\"valueRequired\":true,\"valueName\":\"search_term_string\"}}],\"inLanguage\":\"es\"}]}<\/script>\n<!-- \/ Yoast SEO plugin. -->","yoast_head_json":{"title":"HERRAMIENTA WEB EDUCATIVA DE T\u00da INTER\u00c9S - Aula 15","robots":{"index":"index","follow":"follow","max-snippet":"max-snippet:-1","max-image-preview":"max-image-preview:large","max-video-preview":"max-video-preview:-1"},"canonical":"https:\/\/aula15.com\/index.php\/herramienta-web-educativa-de-tu-interes\/","og_locale":"es_MX","og_type":"article","og_title":"HERRAMIENTA WEB EDUCATIVA DE T\u00da INTER\u00c9S - Aula 15","og_description":"&nbsp; Qu\u00e9 son las herramientas educativas : Las\u00a0herramientas web\u00a0educativas, son todas aquellas tecnolog\u00edas facilitadas en l\u00ednea que permiten una conexi\u00f3n din\u00e1mica entre los miembros de tu comunidad\u00a0educativa como los docentes que por pandemia iniciaron a desarrollar m\u00e1s este h\u00e1bito educativo.\u00a0 Evidentemente el tutor actual necesita\u00a0herramientas\u00a0eficientes y f\u00e1ciles de utilizar para poder dise\u00f1ar los mejores cursos [&hellip;]","og_url":"https:\/\/aula15.com\/index.php\/herramienta-web-educativa-de-tu-interes\/","og_site_name":"Aula 15","og_image":[{"url":"https:\/\/lh6.googleusercontent.com\/yT-81CutSd_kdLgrRl1vM0V2rjpP7OejCM4j0BPLUgCutbZNqYt1DqA5dx-mTR3OjMJVxgbqCLt-2Dr55edOuFDLiJcM_iGl2JZobrAAL4bf2c302gCDW4FwwRKT7lucGrIpCZk","type":"","width":"","height":""}],"twitter_card":"summary_large_image","twitter_misc":{"Tiempo de lectura":"2 minutos"},"schema":{"@context":"https:\/\/schema.org","@graph":[{"@type":"WebPage","@id":"https:\/\/aula15.com\/index.php\/herramienta-web-educativa-de-tu-interes\/","url":"https:\/\/aula15.com\/index.php\/herramienta-web-educativa-de-tu-interes\/","name":"HERRAMIENTA WEB EDUCATIVA DE T\u00da INTER\u00c9S - Aula 15","isPartOf":{"@id":"https:\/\/aula15.com\/#website"},"primaryImageOfPage":{"@id":"https:\/\/aula15.com\/index.php\/herramienta-web-educativa-de-tu-interes\/#primaryimage"},"image":{"@id":"https:\/\/aula15.com\/index.php\/herramienta-web-educativa-de-tu-interes\/#primaryimage"},"thumbnailUrl":"https:\/\/lh6.googleusercontent.com\/yT-81CutSd_kdLgrRl1vM0V2rjpP7OejCM4j0BPLUgCutbZNqYt1DqA5dx-mTR3OjMJVxgbqCLt-2Dr55edOuFDLiJcM_iGl2JZobrAAL4bf2c302gCDW4FwwRKT7lucGrIpCZk","datePublished":"2022-05-10T22:44:10+00:00","breadcrumb":{"@id":"https:\/\/aula15.com\/index.php\/herramienta-web-educativa-de-tu-interes\/#breadcrumb"},"inLanguage":"es","potentialAction":[{"@type":"ReadAction","target":["https:\/\/aula15.com\/index.php\/herramienta-web-educativa-de-tu-interes\/"]}]},{"@type":"ImageObject","inLanguage":"es","@id":"https:\/\/aula15.com\/index.php\/herramienta-web-educativa-de-tu-interes\/#primaryimage","url":"https:\/\/lh6.googleusercontent.com\/yT-81CutSd_kdLgrRl1vM0V2rjpP7OejCM4j0BPLUgCutbZNqYt1DqA5dx-mTR3OjMJVxgbqCLt-2Dr55edOuFDLiJcM_iGl2JZobrAAL4bf2c302gCDW4FwwRKT7lucGrIpCZk","contentUrl":"https:\/\/lh6.googleusercontent.com\/yT-81CutSd_kdLgrRl1vM0V2rjpP7OejCM4j0BPLUgCutbZNqYt1DqA5dx-mTR3OjMJVxgbqCLt-2Dr55edOuFDLiJcM_iGl2JZobrAAL4bf2c302gCDW4FwwRKT7lucGrIpCZk"},{"@type":"BreadcrumbList","@id":"https:\/\/aula15.com\/index.php\/herramienta-web-educativa-de-tu-interes\/#breadcrumb","itemListElement":[{"@type":"ListItem","position":1,"name":"Inicio","item":"https:\/\/aula15.com\/"},{"@type":"ListItem","position":2,"name":"HERRAMIENTA WEB EDUCATIVA DE T\u00da INTER\u00c9S"}]},{"@type":"WebSite","@id":"https:\/\/aula15.com\/#website","url":"https:\/\/aula15.com\/","name":"Aula 15","description":"Todo sobre Educaci\u00f3n","potentialAction":[{"@type":"SearchAction","target":{"@type":"EntryPoint","urlTemplate":"https:\/\/aula15.com\/?s={search_term_string}"},"query-input":{"@type":"PropertyValueSpecification","valueRequired":true,"valueName":"search_term_string"}}],"inLanguage":"es"}]}},"jetpack-related-posts":[],"jetpack_sharing_enabled":true,"_links":{"self":[{"href":"https:\/\/aula15.com\/index.php\/wp-json\/wp\/v2\/pages\/487","targetHints":{"allow":["GET"]}}],"collection":[{"href":"https:\/\/aula15.com\/index.php\/wp-json\/wp\/v2\/pages"}],"about":[{"href":"https:\/\/aula15.com\/index.php\/wp-json\/wp\/v2\/types\/page"}],"author":[{"embeddable":true,"href":"https:\/\/aula15.com\/index.php\/wp-json\/wp\/v2\/users\/7"}],"replies":[{"embeddable":true,"href":"https:\/\/aula15.com\/index.php\/wp-json\/wp\/v2\/comments?post=487"}],"version-history":[{"count":2,"href":"https:\/\/aula15.com\/index.php\/wp-json\/wp\/v2\/pages\/487\/revisions"}],"predecessor-version":[{"id":489,"href":"https:\/\/aula15.com\/index.php\/wp-json\/wp\/v2\/pages\/487\/revisions\/489"}],"wp:attachment":[{"href":"https:\/\/aula15.com\/index.php\/wp-json\/wp\/v2\/media?parent=487"}],"curies":[{"name":"wp","href":"https:\/\/api.w.org\/{rel}","templated":true}]}}